{"id":62,"date":"2022-12-28T02:14:26","date_gmt":"2022-12-28T02:14:26","guid":{"rendered":"https:\/\/source.wpopal.com\/floaty\/?page_id=62"},"modified":"2024-08-26T11:18:25","modified_gmt":"2024-08-26T09:18:25","slug":"about-us","status":"publish","type":"page","link":"https:\/\/location-bateau-propriano.com\/it\/about-us\/","title":{"rendered":"Chi siamo"},"content":{"rendered":"<div data-elementor-type=\"wp-page\" data-elementor-id=\"62\" class=\"elementor elementor-62\" data-elementor-post-type=\"page\">\n\t\t\t\t\t\t<section class=\"elementor-section elementor-top-section elementor-element elementor-element-0014212 elementor-section-stretched elementor-section-boxed elementor-section-height-default elementor-section-height-default\" data-id=\"0014212\" data-element_type=\"section\" data-settings=\"{&quot;stretch_section&quot;:&quot;section-stretched&quot;,&quot;background_background&quot;:&quot;classic&quot;}\">\n\t\t\t\t\t\t<div class=\"elementor-container elementor-column-gap-no\">\n\t\t\t\t\t<div class=\"elementor-column elementor-col-50 elementor-top-column elementor-element elementor-element-8249981\" data-id=\"8249981\" data-element_type=\"column\">\n\t\t\t<div class=\"elementor-widget-wrap elementor-element-populated\">\n\t\t\t\t\t\t<div class=\"elementor-element elementor-element-955cb45 elementor-widget-tablet__width-initial elementor-view-default elementor-widget elementor-widget-icon\" data-id=\"955cb45\" data-element_type=\"widget\" data-widget_type=\"icon.default\">\n\t\t\t\t<div class=\"elementor-widget-container\">\n\t\t\t\t\t\t\t<div class=\"elementor-icon-wrapper\">\n\t\t\t<div class=\"elementor-icon\">\n\t\t\t<i aria-hidden=\"true\" class=\"floaty-icon- floaty-icon-helm\"><\/i>\t\t\t<\/div>\n\t\t<\/div>\n\t\t\t\t\t\t<\/div>\n\t\t\t\t<\/div>\n\t\t\t\t<div class=\"elementor-element elementor-element-b174f99 elementor-mobile-align-center elementor-widget-tablet__width-initial subtitle-position-below elementor-widget elementor-widget-floaty-heading\" data-id=\"b174f99\" data-element_type=\"widget\" data-settings=\"{&quot;motion_fx_motion_fx_scrolling&quot;:&quot;yes&quot;,&quot;motion_fx_scale_effect&quot;:&quot;yes&quot;,&quot;motion_fx_scale_range&quot;:{&quot;unit&quot;:&quot;%&quot;,&quot;size&quot;:&quot;&quot;,&quot;sizes&quot;:{&quot;start&quot;:20,&quot;end&quot;:100}},&quot;motion_fx_scale_direction&quot;:&quot;out-in&quot;,&quot;motion_fx_scale_speed&quot;:{&quot;unit&quot;:&quot;px&quot;,&quot;size&quot;:4,&quot;sizes&quot;:[]},&quot;motion_fx_devices&quot;:[&quot;desktop&quot;,&quot;laptop&quot;,&quot;tablet_extra&quot;,&quot;tablet&quot;,&quot;mobile_extra&quot;,&quot;mobile&quot;]}\" data-widget_type=\"floaty-heading.default\">\n\t\t\t\t<div class=\"elementor-widget-container\">\n\t\t\t\t\t        <div class=\"elementor-heading-wrapper-inner\"><div class=\"elementor-sub-title\">CHI SIAMO<\/div><h2 class=\"elementor-heading-title\">Oltre 20 anni di passione per la nautica a Propriano<\/h2><\/div>\t\t\t\t<\/div>\n\t\t\t\t<\/div>\n\t\t\t\t<div class=\"elementor-element elementor-element-85d52d7 elementor-widget-tablet__width-initial elementor-widget elementor-widget-text-editor\" data-id=\"85d52d7\" data-element_type=\"widget\" data-widget_type=\"text-editor.default\">\n\t\t\t\t<div class=\"elementor-widget-container\">\n\t\t\t\t\t\t\t\t\t<p>Appassionati di mare e di attivit\u00e0 ricreative marittime, Fr\u00e9d\u00e9ric e Fabrice, direttori di Locanautic, vi accolgono da aprile a ottobre per farvi scoprire le ricchezze della costa corsa, da Ajaccio a Bonifacio, con partenza da Propriano. Accompagnati da un'\u00e9quipe dedicata ed esperta, sapranno consigliarvi al meglio, assicurandovi un'esperienza indimenticabile.<\/p>\t\t\t\t\t\t\t\t<\/div>\n\t\t\t\t<\/div>\n\t\t\t\t\t<\/div>\n\t\t<\/div>\n\t\t\t\t<div class=\"elementor-column elementor-col-50 elementor-top-column elementor-element elementor-element-7e0cdfa\" data-id=\"7e0cdfa\" data-element_type=\"column\">\n\t\t\t<div class=\"elementor-widget-wrap elementor-element-populated\">\n\t\t\t\t\t\t<div class=\"elementor-element elementor-element-72100d7 elementor-widget elementor-widget-image\" data-id=\"72100d7\" data-element_type=\"widget\" data-widget_type=\"image.default\">\n\t\t\t\t<div class=\"elementor-widget-container\">\n\t\t\t\t\t\t\t\t\t\t\t\t\t\t\t<img decoding=\"async\" src=\"https:\/\/location-bateau-propriano.com\/wp-content\/uploads\/2024\/07\/2024-06-05-LOCANAUTIC-MATINEE-HD-16-scaled.jpg\" title=\"2024-06-05 MATIN\u00c9E LOCANAUTICA - HD -16\" alt=\"2024-06-05 LOCANAUTIC MATINEE - HD -16\" loading=\"lazy\" \/>\t\t\t\t\t\t\t\t\t\t\t\t\t\t\t<\/div>\n\t\t\t\t<\/div>\n\t\t\t\t\t<\/div>\n\t\t<\/div>\n\t\t\t\t\t<\/div>\n\t\t<\/section>\n\t\t\t\t<section class=\"elementor-section elementor-top-section elementor-element elementor-element-2eb08a4 elementor-section-stretched elementor-section-full_width elementor-reverse-mobile elementor-section-height-default elementor-section-height-default\" data-id=\"2eb08a4\" data-element_type=\"section\" data-settings=\"{&quot;stretch_section&quot;:&quot;section-stretched&quot;}\">\n\t\t\t\t\t\t<div class=\"elementor-container elementor-column-gap-no\">\n\t\t\t\t\t<div class=\"elementor-column elementor-col-50 elementor-top-column elementor-element elementor-element-cea2ed4\" data-id=\"cea2ed4\" data-element_type=\"column\" data-settings=\"{&quot;background_background&quot;:&quot;classic&quot;}\">\n\t\t\t<div class=\"elementor-widget-wrap elementor-element-populated\">\n\t\t\t\t\t\t<div class=\"elementor-element elementor-element-02c13c7 elementor-widget elementor-widget-spacer\" data-id=\"02c13c7\" data-element_type=\"widget\" data-widget_type=\"spacer.default\">\n\t\t\t\t<div class=\"elementor-widget-container\">\n\t\t\t\t\t\t\t<div class=\"elementor-spacer\">\n\t\t\t<div class=\"elementor-spacer-inner\"><\/div>\n\t\t<\/div>\n\t\t\t\t\t\t<\/div>\n\t\t\t\t<\/div>\n\t\t\t\t\t<\/div>\n\t\t<\/div>\n\t\t\t\t<div class=\"elementor-column elementor-col-50 elementor-top-column elementor-element elementor-element-6ab8d71\" data-id=\"6ab8d71\" data-element_type=\"column\" data-settings=\"{&quot;background_background&quot;:&quot;classic&quot;}\">\n\t\t\t<div class=\"elementor-widget-wrap elementor-element-populated\">\n\t\t\t\t\t\t<div class=\"elementor-element elementor-element-b535d36 elementor-view-default elementor-widget elementor-widget-icon\" data-id=\"b535d36\" data-element_type=\"widget\" data-widget_type=\"icon.default\">\n\t\t\t\t<div class=\"elementor-widget-container\">\n\t\t\t\t\t\t\t<div class=\"elementor-icon-wrapper\">\n\t\t\t<div class=\"elementor-icon\">\n\t\t\t<i aria-hidden=\"true\" class=\"floaty-icon- floaty-icon-yachts\"><\/i>\t\t\t<\/div>\n\t\t<\/div>\n\t\t\t\t\t\t<\/div>\n\t\t\t\t<\/div>\n\t\t\t\t<div class=\"elementor-element elementor-element-883fdbb elementor-mobile-align-center subtitle-position-below elementor-widget elementor-widget-floaty-heading\" data-id=\"883fdbb\" data-element_type=\"widget\" data-widget_type=\"floaty-heading.default\">\n\t\t\t\t<div class=\"elementor-widget-container\">\n\t\t\t\t\t        <div class=\"elementor-heading-wrapper-inner\"><div class=\"elementor-sub-title\">Una flotta di<\/div><h2 class=\"elementor-heading-title\">30 imbarcazioni in perfetto stato di manutenzione<\/h2><\/div>\t\t\t\t<\/div>\n\t\t\t\t<\/div>\n\t\t\t\t<div class=\"elementor-element elementor-element-8f70a08 elementor-widget__width-initial elementor-widget-laptop__width-inherit elementor-widget elementor-widget-text-editor\" data-id=\"8f70a08\" data-element_type=\"widget\" data-widget_type=\"text-editor.default\">\n\t\t\t\t<div class=\"elementor-widget-container\">\n\t\t\t\t\t\t\t\t\t<p>Locanautic sar\u00e0 il vostro partner ideale per tutte le vostre gite in mare da Propriano. Nuotare, fare picnic, scoprire siti protetti, rilassarsi, navigare... aggiungete una dose di emozione e di evasione alle vostre vacanze in Corsica. In famiglia o con gli amici, il noleggio di una barca del nostro team vi regaler\u00e0 ricordi indimenticabili.<\/p>\t\t\t\t\t\t\t\t<\/div>\n\t\t\t\t<\/div>\n\t\t\t\t\t<\/div>\n\t\t<\/div>\n\t\t\t\t\t<\/div>\n\t\t<\/section>\n\t\t\t\t<section class=\"elementor-section elementor-top-section elementor-element elementor-element-057e105 elementor-section-stretched elementor-section-full_width elementor-section-height-default elementor-section-height-default\" data-id=\"057e105\" data-element_type=\"section\" data-settings=\"{&quot;stretch_section&quot;:&quot;section-stretched&quot;}\">\n\t\t\t\t\t\t<div class=\"elementor-container elementor-column-gap-no\">\n\t\t\t\t\t<div class=\"elementor-column elementor-col-50 elementor-top-column elementor-element elementor-element-a85caea\" data-id=\"a85caea\" data-element_type=\"column\" data-settings=\"{&quot;background_background&quot;:&quot;classic&quot;}\">\n\t\t\t<div class=\"elementor-widget-wrap elementor-element-populated\">\n\t\t\t\t\t\t<div class=\"elementor-element elementor-element-bca0235 elementor-view-default elementor-widget elementor-widget-icon\" data-id=\"bca0235\" data-element_type=\"widget\" data-widget_type=\"icon.default\">\n\t\t\t\t<div class=\"elementor-widget-container\">\n\t\t\t\t\t\t\t<div class=\"elementor-icon-wrapper\">\n\t\t\t<div class=\"elementor-icon\">\n\t\t\t<i aria-hidden=\"true\" class=\"floaty-icon- floaty-icon-helm\"><\/i>\t\t\t<\/div>\n\t\t<\/div>\n\t\t\t\t\t\t<\/div>\n\t\t\t\t<\/div>\n\t\t\t\t<div class=\"elementor-element elementor-element-71112f9 elementor-mobile-align-center elementor-align-right subtitle-position-below elementor-widget elementor-widget-floaty-heading\" data-id=\"71112f9\" data-element_type=\"widget\" data-widget_type=\"floaty-heading.default\">\n\t\t\t\t<div class=\"elementor-widget-container\">\n\t\t\t\t\t        <div class=\"elementor-heading-wrapper-inner\"><div class=\"elementor-sub-title\">Per la vostra sicurezza<\/div><h2 class=\"elementor-heading-title\">Assistenza su misura<\/h2><\/div>\t\t\t\t<\/div>\n\t\t\t\t<\/div>\n\t\t\t\t<div class=\"elementor-element elementor-element-4bf166b elementor-widget__width-initial elementor-widget-laptop__width-inherit elementor-widget elementor-widget-text-editor\" data-id=\"4bf166b\" data-element_type=\"widget\" data-widget_type=\"text-editor.default\">\n\t\t\t\t<div class=\"elementor-widget-container\">\n\t\t\t\t\t\t\t\t\t<p>Prima di salpare, il nostro team si prende il tempo necessario per spiegarvi le regole di sicurezza. Locanautic si occupa delle manovre da e per il porto. Possiamo anche occuparci delle manovre di partenza e di arrivo alla stazione di servizio. Tutto \u00e8 fatto per farvi godere al massimo del vostro soggiorno, che sia di un giorno o di una settimana.<\/p>\t\t\t\t\t\t\t\t<\/div>\n\t\t\t\t<\/div>\n\t\t\t\t\t<\/div>\n\t\t<\/div>\n\t\t\t\t<div class=\"elementor-column elementor-col-50 elementor-top-column elementor-element elementor-element-1186bf3\" data-id=\"1186bf3\" data-element_type=\"column\" data-settings=\"{&quot;background_background&quot;:&quot;classic&quot;}\">\n\t\t\t<div class=\"elementor-widget-wrap elementor-element-populated\">\n\t\t\t\t\t\t<div class=\"elementor-element elementor-element-76947c5 elementor-widget elementor-widget-spacer\" data-id=\"76947c5\" data-element_type=\"widget\" data-widget_type=\"spacer.default\">\n\t\t\t\t<div class=\"elementor-widget-container\">\n\t\t\t\t\t\t\t<div class=\"elementor-spacer\">\n\t\t\t<div class=\"elementor-spacer-inner\"><\/div>\n\t\t<\/div>\n\t\t\t\t\t\t<\/div>\n\t\t\t\t<\/div>\n\t\t\t\t\t<\/div>\n\t\t<\/div>\n\t\t\t\t\t<\/div>\n\t\t<\/section>\n\t\t\t\t<\/div>","protected":false},"excerpt":{"rendered":"<p>CHI SIAMO Pi\u00f9 di 20 anni di passione per la nautica a Propriano Appassionati di mare e di attivit\u00e0 ricreative marittime, Fr\u00e9d\u00e9ric e Fabrice, direttori di Locanautic, vi accolgono da aprile a ottobre per farvi scoprire le ricchezze della costa corsa, da Ajaccio a Bonifacio, con partenza da Propriano. Accompagnati da un team dedicato ed esperto, [...]<\/p>","protected":false},"author":1,"featured_media":0,"parent":0,"menu_order":0,"comment_status":"closed","ping_status":"closed","template":"elementor_header_footer","meta":{"_acf_changed":false,"inline_featured_image":false,"footnotes":""},"class_list":["post-62","page","type-page","status-publish","hentry"],"acf":[],"yoast_head":"<!-- This site is optimized with the Yoast SEO plugin v24.3 - https:\/\/yoast.com\/wordpress\/plugins\/seo\/ -->\n<title>Sp\u00e9cialiste de la location de bateaux \u00e0 Propriano depuis 20 ans<\/title>\n<meta name=\"description\" content=\"Locanautic Propriano, c&#039;est plus de 20 ans d&#039;exp\u00e9rience et de professionnalisme \u00e0 votre service pour des sorties en bateau r\u00e9ussie.\" \/>\n<meta name=\"robots\" content=\"index, follow, max-snippet:-1, max-image-preview:large, max-video-preview:-1\" \/>\n<link rel=\"canonical\" href=\"https:\/\/location-bateau-propriano.com\/it\/about-us\/\" \/>\n<meta property=\"og:locale\" content=\"it_IT\" \/>\n<meta property=\"og:type\" content=\"article\" \/>\n<meta property=\"og:title\" content=\"Sp\u00e9cialiste de la location de bateaux \u00e0 Propriano depuis 20 ans\" \/>\n<meta property=\"og:description\" content=\"Locanautic Propriano, c&#039;est plus de 20 ans d&#039;exp\u00e9rience et de professionnalisme \u00e0 votre service pour des sorties en bateau r\u00e9ussie.\" \/>\n<meta property=\"og:url\" content=\"https:\/\/location-bateau-propriano.com\/it\/about-us\/\" \/>\n<meta property=\"og:site_name\" content=\"Locanautic\" \/>\n<meta property=\"article:modified_time\" content=\"2024-08-26T09:18:25+00:00\" \/>\n<meta property=\"og:image\" content=\"http:\/\/location-bateau-propriano.com\/wp-content\/uploads\/elementor\/thumbs\/2024-06-05-LOCANAUTIC-MATINEE-HD-16-scaled-qruvxwlrqziy4cw264nhngdgxzdlury4rmtnswip74.jpg\" \/>\n<meta name=\"twitter:card\" content=\"summary_large_image\" \/>\n<meta name=\"twitter:label1\" content=\"Tempo di lettura stimato\" \/>\n\t<meta name=\"twitter:data1\" content=\"2 minuti\" \/>\n<script type=\"application\/ld+json\" class=\"yoast-schema-graph\">{\"@context\":\"https:\/\/schema.org\",\"@graph\":[{\"@type\":\"WebPage\",\"@id\":\"https:\/\/location-bateau-propriano.com\/en\/about-us\/\",\"url\":\"https:\/\/location-bateau-propriano.com\/en\/about-us\/\",\"name\":\"Sp\u00e9cialiste de la location de bateaux \u00e0 Propriano depuis 20 ans\",\"isPartOf\":{\"@id\":\"https:\/\/location-bateau-propriano.com\/#website\"},\"primaryImageOfPage\":{\"@id\":\"https:\/\/location-bateau-propriano.com\/en\/about-us\/#primaryimage\"},\"image\":{\"@id\":\"https:\/\/location-bateau-propriano.com\/en\/about-us\/#primaryimage\"},\"thumbnailUrl\":\"http:\/\/location-bateau-propriano.com\/wp-content\/uploads\/elementor\/thumbs\/2024-06-05-LOCANAUTIC-MATINEE-HD-16-scaled-qruvxwlrqziy4cw264nhngdgxzdlury4rmtnswip74.jpg\",\"datePublished\":\"2022-12-28T02:14:26+00:00\",\"dateModified\":\"2024-08-26T09:18:25+00:00\",\"description\":\"Locanautic Propriano, c'est plus de 20 ans d'exp\u00e9rience et de professionnalisme \u00e0 votre service pour des sorties en bateau r\u00e9ussie.\",\"breadcrumb\":{\"@id\":\"https:\/\/location-bateau-propriano.com\/en\/about-us\/#breadcrumb\"},\"inLanguage\":\"it-IT\",\"potentialAction\":[{\"@type\":\"ReadAction\",\"target\":[\"https:\/\/location-bateau-propriano.com\/en\/about-us\/\"]}]},{\"@type\":\"ImageObject\",\"inLanguage\":\"it-IT\",\"@id\":\"https:\/\/location-bateau-propriano.com\/en\/about-us\/#primaryimage\",\"url\":\"http:\/\/location-bateau-propriano.com\/wp-content\/uploads\/elementor\/thumbs\/2024-06-05-LOCANAUTIC-MATINEE-HD-16-scaled-qruvxwlrqziy4cw264nhngdgxzdlury4rmtnswip74.jpg\",\"contentUrl\":\"http:\/\/location-bateau-propriano.com\/wp-content\/uploads\/elementor\/thumbs\/2024-06-05-LOCANAUTIC-MATINEE-HD-16-scaled-qruvxwlrqziy4cw264nhngdgxzdlury4rmtnswip74.jpg\"},{\"@type\":\"BreadcrumbList\",\"@id\":\"https:\/\/location-bateau-propriano.com\/en\/about-us\/#breadcrumb\",\"itemListElement\":[{\"@type\":\"ListItem\",\"position\":1,\"name\":\"Accueil\",\"item\":\"https:\/\/location-bateau-propriano.com\/\"},{\"@type\":\"ListItem\",\"position\":2,\"name\":\"About us\"}]},{\"@type\":\"WebSite\",\"@id\":\"https:\/\/location-bateau-propriano.com\/#website\",\"url\":\"https:\/\/location-bateau-propriano.com\/\",\"name\":\"Locanautic\",\"description\":\"Location de bateaux \u00e0 Propriano\",\"publisher\":{\"@id\":\"https:\/\/location-bateau-propriano.com\/#organization\"},\"potentialAction\":[{\"@type\":\"SearchAction\",\"target\":{\"@type\":\"EntryPoint\",\"urlTemplate\":\"https:\/\/location-bateau-propriano.com\/?s={search_term_string}\"},\"query-input\":{\"@type\":\"PropertyValueSpecification\",\"valueRequired\":true,\"valueName\":\"search_term_string\"}}],\"inLanguage\":\"it-IT\"},{\"@type\":\"Organization\",\"@id\":\"https:\/\/location-bateau-propriano.com\/#organization\",\"name\":\"Locanautic\",\"url\":\"https:\/\/location-bateau-propriano.com\/\",\"logo\":{\"@type\":\"ImageObject\",\"inLanguage\":\"it-IT\",\"@id\":\"https:\/\/location-bateau-propriano.com\/#\/schema\/logo\/image\/\",\"url\":\"https:\/\/location-bateau-propriano.com\/wp-content\/uploads\/2024\/07\/cropped-logo-locanatuic.png\",\"contentUrl\":\"https:\/\/location-bateau-propriano.com\/wp-content\/uploads\/2024\/07\/cropped-logo-locanatuic.png\",\"width\":800,\"height\":225,\"caption\":\"Locanautic\"},\"image\":{\"@id\":\"https:\/\/location-bateau-propriano.com\/#\/schema\/logo\/image\/\"}}]}<\/script>\n<!-- \/ Yoast SEO plugin. -->","yoast_head_json":{"title":"Sp\u00e9cialiste de la location de bateaux \u00e0 Propriano depuis 20 ans","description":"Locanautic Propriano, c'est plus de 20 ans d'exp\u00e9rience et de professionnalisme \u00e0 votre service pour des sorties en bateau r\u00e9ussie.","robots":{"index":"index","follow":"follow","max-snippet":"max-snippet:-1","max-image-preview":"max-image-preview:large","max-video-preview":"max-video-preview:-1"},"canonical":"https:\/\/location-bateau-propriano.com\/it\/about-us\/","og_locale":"it_IT","og_type":"article","og_title":"Sp\u00e9cialiste de la location de bateaux \u00e0 Propriano depuis 20 ans","og_description":"Locanautic Propriano, c'est plus de 20 ans d'exp\u00e9rience et de professionnalisme \u00e0 votre service pour des sorties en bateau r\u00e9ussie.","og_url":"https:\/\/location-bateau-propriano.com\/it\/about-us\/","og_site_name":"Locanautic","article_modified_time":"2024-08-26T09:18:25+00:00","og_image":[{"url":"http:\/\/location-bateau-propriano.com\/wp-content\/uploads\/elementor\/thumbs\/2024-06-05-LOCANAUTIC-MATINEE-HD-16-scaled-qruvxwlrqziy4cw264nhngdgxzdlury4rmtnswip74.jpg","type":"","width":"","height":""}],"twitter_card":"summary_large_image","twitter_misc":{"Tempo di lettura stimato":"2 minuti"},"schema":{"@context":"https:\/\/schema.org","@graph":[{"@type":"WebPage","@id":"https:\/\/location-bateau-propriano.com\/en\/about-us\/","url":"https:\/\/location-bateau-propriano.com\/en\/about-us\/","name":"Sp\u00e9cialiste de la location de bateaux \u00e0 Propriano depuis 20 ans","isPartOf":{"@id":"https:\/\/location-bateau-propriano.com\/#website"},"primaryImageOfPage":{"@id":"https:\/\/location-bateau-propriano.com\/en\/about-us\/#primaryimage"},"image":{"@id":"https:\/\/location-bateau-propriano.com\/en\/about-us\/#primaryimage"},"thumbnailUrl":"http:\/\/location-bateau-propriano.com\/wp-content\/uploads\/elementor\/thumbs\/2024-06-05-LOCANAUTIC-MATINEE-HD-16-scaled-qruvxwlrqziy4cw264nhngdgxzdlury4rmtnswip74.jpg","datePublished":"2022-12-28T02:14:26+00:00","dateModified":"2024-08-26T09:18:25+00:00","description":"Locanautic Propriano, c'est plus de 20 ans d'exp\u00e9rience et de professionnalisme \u00e0 votre service pour des sorties en bateau r\u00e9ussie.","breadcrumb":{"@id":"https:\/\/location-bateau-propriano.com\/en\/about-us\/#breadcrumb"},"inLanguage":"it-IT","potentialAction":[{"@type":"ReadAction","target":["https:\/\/location-bateau-propriano.com\/en\/about-us\/"]}]},{"@type":"ImageObject","inLanguage":"it-IT","@id":"https:\/\/location-bateau-propriano.com\/en\/about-us\/#primaryimage","url":"http:\/\/location-bateau-propriano.com\/wp-content\/uploads\/elementor\/thumbs\/2024-06-05-LOCANAUTIC-MATINEE-HD-16-scaled-qruvxwlrqziy4cw264nhngdgxzdlury4rmtnswip74.jpg","contentUrl":"http:\/\/location-bateau-propriano.com\/wp-content\/uploads\/elementor\/thumbs\/2024-06-05-LOCANAUTIC-MATINEE-HD-16-scaled-qruvxwlrqziy4cw264nhngdgxzdlury4rmtnswip74.jpg"},{"@type":"BreadcrumbList","@id":"https:\/\/location-bateau-propriano.com\/en\/about-us\/#breadcrumb","itemListElement":[{"@type":"ListItem","position":1,"name":"Accueil","item":"https:\/\/location-bateau-propriano.com\/"},{"@type":"ListItem","position":2,"name":"About us"}]},{"@type":"WebSite","@id":"https:\/\/location-bateau-propriano.com\/#website","url":"https:\/\/location-bateau-propriano.com\/","name":"Locanautic","description":"Location de bateaux \u00e0 Propriano","publisher":{"@id":"https:\/\/location-bateau-propriano.com\/#organization"},"potentialAction":[{"@type":"SearchAction","target":{"@type":"EntryPoint","urlTemplate":"https:\/\/location-bateau-propriano.com\/?s={search_term_string}"},"query-input":{"@type":"PropertyValueSpecification","valueRequired":true,"valueName":"search_term_string"}}],"inLanguage":"it-IT"},{"@type":"Organization","@id":"https:\/\/location-bateau-propriano.com\/#organization","name":"Locanautic","url":"https:\/\/location-bateau-propriano.com\/","logo":{"@type":"ImageObject","inLanguage":"it-IT","@id":"https:\/\/location-bateau-propriano.com\/#\/schema\/logo\/image\/","url":"https:\/\/location-bateau-propriano.com\/wp-content\/uploads\/2024\/07\/cropped-logo-locanatuic.png","contentUrl":"https:\/\/location-bateau-propriano.com\/wp-content\/uploads\/2024\/07\/cropped-logo-locanatuic.png","width":800,"height":225,"caption":"Locanautic"},"image":{"@id":"https:\/\/location-bateau-propriano.com\/#\/schema\/logo\/image\/"}}]}},"_links":{"self":[{"href":"https:\/\/location-bateau-propriano.com\/it\/wp-json\/wp\/v2\/pages\/62","targetHints":{"allow":["GET"]}}],"collection":[{"href":"https:\/\/location-bateau-propriano.com\/it\/wp-json\/wp\/v2\/pages"}],"about":[{"href":"https:\/\/location-bateau-propriano.com\/it\/wp-json\/wp\/v2\/types\/page"}],"author":[{"embeddable":true,"href":"https:\/\/location-bateau-propriano.com\/it\/wp-json\/wp\/v2\/users\/1"}],"replies":[{"embeddable":true,"href":"https:\/\/location-bateau-propriano.com\/it\/wp-json\/wp\/v2\/comments?post=62"}],"version-history":[{"count":10,"href":"https:\/\/location-bateau-propriano.com\/it\/wp-json\/wp\/v2\/pages\/62\/revisions"}],"predecessor-version":[{"id":12268,"href":"https:\/\/location-bateau-propriano.com\/it\/wp-json\/wp\/v2\/pages\/62\/revisions\/12268"}],"wp:attachment":[{"href":"https:\/\/location-bateau-propriano.com\/it\/wp-json\/wp\/v2\/media?parent=62"}],"curies":[{"name":"wp","href":"https:\/\/api.w.org\/{rel}","templated":true}]}}