{"id":68,"date":"2022-12-28T02:14:59","date_gmt":"2022-12-28T02:14:59","guid":{"rendered":"https:\/\/source.wpopal.com\/floaty\/?page_id=68"},"modified":"2024-08-01T09:12:50","modified_gmt":"2024-08-01T07:12:50","slug":"faqs","status":"publish","type":"page","link":"https:\/\/location-bateau-propriano.com\/en\/faqs\/","title":{"rendered":"Faqs"},"content":{"rendered":"<div data-elementor-type=\"wp-page\" data-elementor-id=\"68\" class=\"elementor elementor-68\" data-elementor-post-type=\"page\">\n\t\t\t\t\t\t<section class=\"elementor-section elementor-top-section elementor-element elementor-element-84c6368 elementor-section-stretched elementor-section-boxed elementor-section-height-default elementor-section-height-default\" data-id=\"84c6368\" data-element_type=\"section\" data-settings=\"{&quot;stretch_section&quot;:&quot;section-stretched&quot;,&quot;background_background&quot;:&quot;classic&quot;}\">\n\t\t\t\t\t\t\t<div class=\"elementor-background-overlay\"><\/div>\n\t\t\t\t\t\t\t<div class=\"elementor-container elementor-column-gap-no\">\n\t\t\t\t\t<div class=\"elementor-column elementor-col-50 elementor-top-column elementor-element elementor-element-d68c6f4\" data-id=\"d68c6f4\" data-element_type=\"column\">\n\t\t\t<div class=\"elementor-widget-wrap elementor-element-populated\">\n\t\t\t\t\t\t<div class=\"elementor-element elementor-element-5346222 elementor-widget elementor-widget-heading\" data-id=\"5346222\" data-element_type=\"widget\" data-widget_type=\"heading.default\">\n\t\t\t\t<div class=\"elementor-widget-container\">\n\t\t\t\t\t<h3 class=\"elementor-heading-title elementor-size-default\">Hire a boat<\/h3>\t\t\t\t<\/div>\n\t\t\t\t<\/div>\n\t\t\t\t<div class=\"elementor-element elementor-element-c99f476 accordion-style-1 elementor-widget elementor-widget-accordion\" data-id=\"c99f476\" data-element_type=\"widget\" data-widget_type=\"accordion.default\">\n\t\t\t\t<div class=\"elementor-widget-container\">\n\t\t\t\t\t\t\t<div class=\"elementor-accordion\">\n\t\t\t\t\t\t\t<div class=\"elementor-accordion-item\">\n\t\t\t\t\t<div id=\"elementor-tab-title-2111\" class=\"elementor-tab-title\" data-tab=\"1\" role=\"button\" aria-controls=\"elementor-tab-content-2111\" aria-expanded=\"false\">\n\t\t\t\t\t\t\t\t\t\t\t\t\t<span class=\"elementor-accordion-icon elementor-accordion-icon-left\" aria-hidden=\"true\">\n\t\t\t\t\t\t\t\t\t\t\t\t\t\t\t<span class=\"elementor-accordion-icon-closed\"><i class=\"floaty-icon- floaty-icon-question\"><\/i><\/span>\n\t\t\t\t\t\t\t\t<span class=\"elementor-accordion-icon-opened\"><i class=\"floaty-icon- floaty-icon-question\"><\/i><\/span>\n\t\t\t\t\t\t\t\t\t\t\t\t\t\t<\/span>\n\t\t\t\t\t\t\t\t\t\t\t\t<a class=\"elementor-accordion-title\" tabindex=\"0\">Do I need a licence to hire a boat?<\/a>\n\t\t\t\t\t<\/div>\n\t\t\t\t\t<div id=\"elementor-tab-content-2111\" class=\"elementor-tab-content elementor-clearfix\" data-tab=\"1\" role=\"region\" aria-labelledby=\"elementor-tab-title-2111\"><p>Locanautic offers boats with and without a licence. So anyone can hire a boat from the age of 16, with or without a licence.<\/p><\/div>\n\t\t\t\t<\/div>\n\t\t\t\t\t\t\t<div class=\"elementor-accordion-item\">\n\t\t\t\t\t<div id=\"elementor-tab-title-2112\" class=\"elementor-tab-title\" data-tab=\"2\" role=\"button\" aria-controls=\"elementor-tab-content-2112\" aria-expanded=\"false\">\n\t\t\t\t\t\t\t\t\t\t\t\t\t<span class=\"elementor-accordion-icon elementor-accordion-icon-left\" aria-hidden=\"true\">\n\t\t\t\t\t\t\t\t\t\t\t\t\t\t\t<span class=\"elementor-accordion-icon-closed\"><i class=\"floaty-icon- floaty-icon-question\"><\/i><\/span>\n\t\t\t\t\t\t\t\t<span class=\"elementor-accordion-icon-opened\"><i class=\"floaty-icon- floaty-icon-question\"><\/i><\/span>\n\t\t\t\t\t\t\t\t\t\t\t\t\t\t<\/span>\n\t\t\t\t\t\t\t\t\t\t\t\t<a class=\"elementor-accordion-title\" tabindex=\"0\">I've got my licence but I'm not used to sailing. What should I do?<\/a>\n\t\t\t\t\t<\/div>\n\t\t\t\t\t<div id=\"elementor-tab-content-2112\" class=\"elementor-tab-content elementor-clearfix\" data-tab=\"2\" role=\"region\" aria-labelledby=\"elementor-tab-title-2112\"><p>No need to worry! Our team is here to support you. Before each departure, we offer you a short training course to help you sail with peace of mind. If the manoeuvres in port seem insurmountable, we'll do them for you on arrival and on your return.<\/p><\/div>\n\t\t\t\t<\/div>\n\t\t\t\t\t\t\t<div class=\"elementor-accordion-item\">\n\t\t\t\t\t<div id=\"elementor-tab-title-2113\" class=\"elementor-tab-title\" data-tab=\"3\" role=\"button\" aria-controls=\"elementor-tab-content-2113\" aria-expanded=\"false\">\n\t\t\t\t\t\t\t\t\t\t\t\t\t<span class=\"elementor-accordion-icon elementor-accordion-icon-left\" aria-hidden=\"true\">\n\t\t\t\t\t\t\t\t\t\t\t\t\t\t\t<span class=\"elementor-accordion-icon-closed\"><i class=\"floaty-icon- floaty-icon-question\"><\/i><\/span>\n\t\t\t\t\t\t\t\t<span class=\"elementor-accordion-icon-opened\"><i class=\"floaty-icon- floaty-icon-question\"><\/i><\/span>\n\t\t\t\t\t\t\t\t\t\t\t\t\t\t<\/span>\n\t\t\t\t\t\t\t\t\t\t\t\t<a class=\"elementor-accordion-title\" tabindex=\"0\">What is included in the price? <\/a>\n\t\t\t\t\t<\/div>\n\t\t\t\t\t<div id=\"elementor-tab-content-2113\" class=\"elementor-tab-content elementor-clearfix\" data-tab=\"3\" role=\"region\" aria-labelledby=\"elementor-tab-title-2113\"><p>As with car hire, only petrol is not included in the price. You leave with a full tank and top it up on your return.<\/p><\/div>\n\t\t\t\t<\/div>\n\t\t\t\t\t\t\t<div class=\"elementor-accordion-item\">\n\t\t\t\t\t<div id=\"elementor-tab-title-2114\" class=\"elementor-tab-title\" data-tab=\"4\" role=\"button\" aria-controls=\"elementor-tab-content-2114\" aria-expanded=\"false\">\n\t\t\t\t\t\t\t\t\t\t\t\t\t<span class=\"elementor-accordion-icon elementor-accordion-icon-left\" aria-hidden=\"true\">\n\t\t\t\t\t\t\t\t\t\t\t\t\t\t\t<span class=\"elementor-accordion-icon-closed\"><i class=\"floaty-icon- floaty-icon-question\"><\/i><\/span>\n\t\t\t\t\t\t\t\t<span class=\"elementor-accordion-icon-opened\"><i class=\"floaty-icon- floaty-icon-question\"><\/i><\/span>\n\t\t\t\t\t\t\t\t\t\t\t\t\t\t<\/span>\n\t\t\t\t\t\t\t\t\t\t\t\t<a class=\"elementor-accordion-title\" tabindex=\"0\">We don't know the area, so how do we know where to go?<\/a>\n\t\t\t\t\t<\/div>\n\t\t\t\t\t<div id=\"elementor-tab-content-2114\" class=\"elementor-tab-content elementor-clearfix\" data-tab=\"4\" role=\"region\" aria-labelledby=\"elementor-tab-title-2114\"><p>Our team knows the area inside out and will be able to advise you on the best way to spend a wonderful day at sea.<\/p><\/div>\n\t\t\t\t<\/div>\n\t\t\t\t\t\t\t<div class=\"elementor-accordion-item\">\n\t\t\t\t\t<div id=\"elementor-tab-title-2115\" class=\"elementor-tab-title\" data-tab=\"5\" role=\"button\" aria-controls=\"elementor-tab-content-2115\" aria-expanded=\"false\">\n\t\t\t\t\t\t\t\t\t\t\t\t\t<span class=\"elementor-accordion-icon elementor-accordion-icon-left\" aria-hidden=\"true\">\n\t\t\t\t\t\t\t\t\t\t\t\t\t\t\t<span class=\"elementor-accordion-icon-closed\"><i class=\"floaty-icon- floaty-icon-question\"><\/i><\/span>\n\t\t\t\t\t\t\t\t<span class=\"elementor-accordion-icon-opened\"><i class=\"floaty-icon- floaty-icon-question\"><\/i><\/span>\n\t\t\t\t\t\t\t\t\t\t\t\t\t\t<\/span>\n\t\t\t\t\t\t\t\t\t\t\t\t<a class=\"elementor-accordion-title\" tabindex=\"0\">Can I hire a boat for several days?<\/a>\n\t\t\t\t\t<\/div>\n\t\t\t\t\t<div id=\"elementor-tab-content-2115\" class=\"elementor-tab-content elementor-clearfix\" data-tab=\"5\" role=\"region\" aria-labelledby=\"elementor-tab-title-2115\"><p>Yes, it's possible. We can offer you a boat for several people, which you can leave at anchor close to your home or in the harbour at an allocated berth. So you can enjoy total freedom to sail whenever you like! Don't hesitate to contact us for a quote.<\/p><\/div>\n\t\t\t\t<\/div>\n\t\t\t\t\t\t\t\t\t\t<script type=\"application\/ld+json\">{\"@context\":\"https:\\\/\\\/schema.org\",\"@type\":\"FAQPage\",\"mainEntity\":[{\"@type\":\"Question\",\"name\":\"Le permis est-il obligatoire pour louer un bateau ?\",\"acceptedAnswer\":{\"@type\":\"Answer\",\"text\":\"<p>Locanautic propose des bateaux avec et sans permis. Tout le monde peut donc louer un bateau \\u00e0 partir de 16 ans, avec ou sans permis.<\\\/p>\"}},{\"@type\":\"Question\",\"name\":\"J'ai le permis mais je n'ai pas l'habitude de naviguer, comment faire ?\",\"acceptedAnswer\":{\"@type\":\"Answer\",\"text\":\"<p>Aucune inqui\\u00e9tude ! Notre \\u00e9quipe est l\\u00e0 pour vous accompagner. Avant chaque d\\u00e9part, nous vous proposons une courte formation afin de naviguer sereinement. Si les manoeuvres au port, vous semblent insurmontables, nous les r\\u00e9alisons pour vous \\u00e0 l&rsquo;arriv\\u00e9e et au retour.<\\\/p>\"}},{\"@type\":\"Question\",\"name\":\"Qu'est ce qui est inclus dans le prix ?\",\"acceptedAnswer\":{\"@type\":\"Answer\",\"text\":\"<p>Comme pour la location d&rsquo;une voiture, seule l&rsquo;essence n&rsquo;est pas incluse dans le prix. Vous partez avec le plein et vous faites le plein au retour.<\\\/p>\"}},{\"@type\":\"Question\",\"name\":\"Nous ne connaissons pas la r\\u00e9gion, comment savoir o\\u00f9 aller ?\",\"acceptedAnswer\":{\"@type\":\"Answer\",\"text\":\"<p>Notre \\u00e9quipe connait parfaitement la r\\u00e9gion et saura vous conseiller en fonction de vos envies pour passer une merveilleuse journ\\u00e9e en mer.<\\\/p>\"}},{\"@type\":\"Question\",\"name\":\"Peut-on louer un bateau pour plusieurs jours ?\",\"acceptedAnswer\":{\"@type\":\"Answer\",\"text\":\"<p>Oui c&rsquo;est possible. Nous pouvons vous proposer un bateau pour plusieurs que vous pouvez laisser au mouillage \\u00e0 proximit\\u00e9 de chez vous ou au port \\u00e0 une place attribu\\u00e9e. Ainsi, profitez de la libert\\u00e9 totale de naviguer quand vous le souhaitez ! N&rsquo;h\\u00e9sitez pas \\u00e0 nous contacter pour un devis.<\\\/p>\"}}]}<\/script>\n\t\t\t\t\t<\/div>\n\t\t\t\t\t\t<\/div>\n\t\t\t\t<\/div>\n\t\t\t\t<div class=\"elementor-element elementor-element-3262ed0 elementor-widget elementor-widget-heading\" data-id=\"3262ed0\" data-element_type=\"widget\" data-widget_type=\"heading.default\">\n\t\t\t\t<div class=\"elementor-widget-container\">\n\t\t\t\t\t<h3 class=\"elementor-heading-title elementor-size-default\">Payment and cancellation<\/h3>\t\t\t\t<\/div>\n\t\t\t\t<\/div>\n\t\t\t\t<div class=\"elementor-element elementor-element-ddec002 accordion-style-1 elementor-widget elementor-widget-accordion\" data-id=\"ddec002\" data-element_type=\"widget\" data-widget_type=\"accordion.default\">\n\t\t\t\t<div class=\"elementor-widget-container\">\n\t\t\t\t\t\t\t<div class=\"elementor-accordion\">\n\t\t\t\t\t\t\t<div class=\"elementor-accordion-item\">\n\t\t\t\t\t<div id=\"elementor-tab-title-2321\" class=\"elementor-tab-title\" data-tab=\"1\" role=\"button\" aria-controls=\"elementor-tab-content-2321\" aria-expanded=\"false\">\n\t\t\t\t\t\t\t\t\t\t\t\t\t<span class=\"elementor-accordion-icon elementor-accordion-icon-left\" aria-hidden=\"true\">\n\t\t\t\t\t\t\t\t\t\t\t\t\t\t\t<span class=\"elementor-accordion-icon-closed\"><i class=\"floaty-icon- floaty-icon-question\"><\/i><\/span>\n\t\t\t\t\t\t\t\t<span class=\"elementor-accordion-icon-opened\"><i class=\"floaty-icon- floaty-icon-question\"><\/i><\/span>\n\t\t\t\t\t\t\t\t\t\t\t\t\t\t<\/span>\n\t\t\t\t\t\t\t\t\t\t\t\t<a class=\"elementor-accordion-title\" tabindex=\"0\">Can my rental be cancelled in the event of bad weather on the day of departure?<\/a>\n\t\t\t\t\t<\/div>\n\t\t\t\t\t<div id=\"elementor-tab-content-2321\" class=\"elementor-tab-content elementor-clearfix\" data-tab=\"1\" role=\"region\" aria-labelledby=\"elementor-tab-title-2321\"><p>If the weather conditions are not suitable for sailing on the day of your outing, we will suggest that you postpone your trip. If you are unable to do so because the weather does not improve during your stay, we will refund the amount of your hire. Our team will decide whether or not you can sail.<\/p><\/div>\n\t\t\t\t<\/div>\n\t\t\t\t\t\t\t<div class=\"elementor-accordion-item\">\n\t\t\t\t\t<div id=\"elementor-tab-title-2322\" class=\"elementor-tab-title\" data-tab=\"2\" role=\"button\" aria-controls=\"elementor-tab-content-2322\" aria-expanded=\"false\">\n\t\t\t\t\t\t\t\t\t\t\t\t\t<span class=\"elementor-accordion-icon elementor-accordion-icon-left\" aria-hidden=\"true\">\n\t\t\t\t\t\t\t\t\t\t\t\t\t\t\t<span class=\"elementor-accordion-icon-closed\"><i class=\"floaty-icon- floaty-icon-question\"><\/i><\/span>\n\t\t\t\t\t\t\t\t<span class=\"elementor-accordion-icon-opened\"><i class=\"floaty-icon- floaty-icon-question\"><\/i><\/span>\n\t\t\t\t\t\t\t\t\t\t\t\t\t\t<\/span>\n\t\t\t\t\t\t\t\t\t\t\t\t<a class=\"elementor-accordion-title\" tabindex=\"0\">Are we covered at sea? <\/a>\n\t\t\t\t\t<\/div>\n\t\t\t\t\t<div id=\"elementor-tab-content-2322\" class=\"elementor-tab-content elementor-clearfix\" data-tab=\"2\" role=\"region\" aria-labelledby=\"elementor-tab-title-2322\"><p>All our boats are insured. To avoid you having to pay a deposit in the event of an incident at sea, we offer you bond insurance. By taking out our bond insurance, in the event of an incident, whether at fault or not, your bond will be covered. Conditions and rates available from our agency.<\/p><\/div>\n\t\t\t\t<\/div>\n\t\t\t\t\t\t\t<div class=\"elementor-accordion-item\">\n\t\t\t\t\t<div id=\"elementor-tab-title-2323\" class=\"elementor-tab-title\" data-tab=\"3\" role=\"button\" aria-controls=\"elementor-tab-content-2323\" aria-expanded=\"false\">\n\t\t\t\t\t\t\t\t\t\t\t\t\t<span class=\"elementor-accordion-icon elementor-accordion-icon-left\" aria-hidden=\"true\">\n\t\t\t\t\t\t\t\t\t\t\t\t\t\t\t<span class=\"elementor-accordion-icon-closed\"><i class=\"floaty-icon- floaty-icon-question\"><\/i><\/span>\n\t\t\t\t\t\t\t\t<span class=\"elementor-accordion-icon-opened\"><i class=\"floaty-icon- floaty-icon-question\"><\/i><\/span>\n\t\t\t\t\t\t\t\t\t\t\t\t\t\t<\/span>\n\t\t\t\t\t\t\t\t\t\t\t\t<a class=\"elementor-accordion-title\" tabindex=\"0\">How do I pay the deposit?<\/a>\n\t\t\t\t\t<\/div>\n\t\t\t\t\t<div id=\"elementor-tab-content-2323\" class=\"elementor-tab-content elementor-clearfix\" data-tab=\"3\" role=\"region\" aria-labelledby=\"elementor-tab-title-2323\"><p>Before your departure, we will ask you for a bank imprint as a deposit to cover any damage before it is examined by our insurance company.\u00a0<\/p><\/div>\n\t\t\t\t<\/div>\n\t\t\t\t\t\t\t\t\t\t<script type=\"application\/ld+json\">{\"@context\":\"https:\\\/\\\/schema.org\",\"@type\":\"FAQPage\",\"mainEntity\":[{\"@type\":\"Question\",\"name\":\"En cas de mauvaise mer le jour du d\\u00e9part, est-ce que ma location peut \\u00eatre annul\\u00e9e ?\",\"acceptedAnswer\":{\"@type\":\"Answer\",\"text\":\"<p>Si le jour de votre sortie en mer les conditions m\\u00e9t\\u00e9os ne permettent pas de naviguer, nous vous proposerons de d\\u00e9caler votre escapade. Si vous ne pouvez le faire car la m\\u00e9t\\u00e9o ne s&rsquo;am\\u00e9liore pas durant votre s\\u00e9jour, nous vous remboursons le montant de votre location. C&rsquo;est notre \\u00e9quipe qui juge de la possibilit\\u00e9 ou non de naviguer.<\\\/p>\"}},{\"@type\":\"Question\",\"name\":\"Sommes-nous couverts en mer ?\",\"acceptedAnswer\":{\"@type\":\"Answer\",\"text\":\"<p>Nos bateaux sont tous assur\\u00e9s. Afin de vous \\u00e9viter de payer une caution en cas d&rsquo;incident en mer nous vous proposons une assurance caution. En souscrivant notre assurance caution, en cas d\\u2019incident responsable ou non, votre caution est prise en charge. Conditions et tarifs en agence.<\\\/p>\"}},{\"@type\":\"Question\",\"name\":\"Comment se passe le versement de la caution ?\",\"acceptedAnswer\":{\"@type\":\"Answer\",\"text\":\"<p>Avant votre d\\u00e9part, nous vous demanderons une empreinte bancaire en guise de caution afin de couvrir les \\u00e9ventuels d\\u00e9g\\u00e2ts avant \\u00e9tude par notre assurance.\\u00a0<\\\/p>\"}}]}<\/script>\n\t\t\t\t\t<\/div>\n\t\t\t\t\t\t<\/div>\n\t\t\t\t<\/div>\n\t\t\t\t\t<\/div>\n\t\t<\/div>\n\t\t\t\t<div class=\"elementor-column elementor-col-50 elementor-top-column elementor-element elementor-element-6670ad7 elementor-hidden-tablet elementor-hidden-mobile\" data-id=\"6670ad7\" data-element_type=\"column\">\n\t\t\t<div class=\"elementor-widget-wrap elementor-element-populated\">\n\t\t\t\t\t\t<section class=\"elementor-section elementor-inner-section elementor-element elementor-element-012da98 elementor-section-boxed elementor-section-height-default elementor-section-height-default\" data-id=\"012da98\" data-element_type=\"section\">\n\t\t\t\t\t\t<div class=\"elementor-container elementor-column-gap-no\">\n\t\t\t\t\t<div class=\"elementor-column elementor-col-100 elementor-inner-column elementor-element elementor-element-d454b51\" data-id=\"d454b51\" data-element_type=\"column\">\n\t\t\t<div class=\"elementor-widget-wrap elementor-element-populated\">\n\t\t\t\t\t\t<div class=\"elementor-element elementor-element-17bffb1 box-align-center elementor-cta--valign-middle elementor-bg-transform elementor-bg-transform-move-left-custom elementor-hidden-mobile_extra elementor-hidden-mobile cal-to-action-style-1 elementor-widget elementor-widget-floaty-banner\" data-id=\"17bffb1\" data-element_type=\"widget\" data-widget_type=\"floaty-banner.default\">\n\t\t\t\t<div class=\"elementor-widget-container\">\n\t\t\t\t\t        <a href=\"https:\/\/source.wpopal.com\/floaty\/destinations\/\" class=\"elementor-cta--skin-cover elementor-cta elementor-floaty-banner\">\n                            <div class=\"elementor-cta__bg-wrapper\">\n                    <div class=\"elementor-cta__bg elementor-bg\" style=\"background-image: url(https:\/\/location-bateau-propriano.com\/wp-content\/uploads\/2024\/08\/2024-05-LOCANAUTIC-35.jpg);\"><\/div>\n                    <div class=\"elementor-cta__bg-overlay\"><\/div>\n                <\/div>\n                        <div class=\"elementor-cta__content\">\n                <div class=\"elementor-cta__content_inner\">\n                                            <div class=\"elementor-cta__subtitle elementor-cta__content-item elementor-content-item\">\n                             <span>The fleet<\/span>\n                        <\/div>\n                    \n                                            <h3 class=\"elementor-cta__title elementor-cta__content-item elementor-content-item\">\n                            Discover our boats                        <\/h3>\n                    \n                    \n                                     <\/div>\n            <\/div>\n        <\/a>\n        \t\t\t\t<\/div>\n\t\t\t\t<\/div>\n\t\t\t\t\t<\/div>\n\t\t<\/div>\n\t\t\t\t\t<\/div>\n\t\t<\/section>\n\t\t\t\t\t<\/div>\n\t\t<\/div>\n\t\t\t\t\t<\/div>\n\t\t<\/section>\n\t\t\t\t<\/div>","protected":false},"excerpt":{"rendered":"<p>Hire a boat Do you need a licence to hire a boat? Locanautic offers boats with and without a licence. So anyone can hire a boat from the age of 16, with or without a licence. I've got a licence but I'm not used to sailing, what should I do? Don't worry! Our team [...]<\/p>","protected":false},"author":1,"featured_media":0,"parent":0,"menu_order":0,"comment_status":"closed","ping_status":"closed","template":"template-homepage.php","meta":{"_acf_changed":false,"inline_featured_image":false,"footnotes":""},"class_list":["post-68","page","type-page","status-publish","hentry"],"acf":[],"yoast_head":"<!-- This site is optimized with the Yoast SEO plugin v24.3 - https:\/\/yoast.com\/wordpress\/plugins\/seo\/ -->\n<title>Locanautic - Foire aux questions - Location bateau Propriano<\/title>\n<meta name=\"description\" content=\"Nous r\u00e9pondons \u00e0 toutes vos questions avant de louer votre bateau \u00e0 Propriano en Corse du Sud.\" \/>\n<meta name=\"robots\" content=\"index, follow, max-snippet:-1, max-image-preview:large, max-video-preview:-1\" \/>\n<link rel=\"canonical\" href=\"http:\/\/location-bateau-propriano.com\/en\/faqs\/\" \/>\n<meta property=\"og:locale\" content=\"en_GB\" \/>\n<meta property=\"og:type\" content=\"article\" \/>\n<meta property=\"og:title\" content=\"Locanautic - Foire aux questions - Location bateau Propriano\" \/>\n<meta property=\"og:description\" content=\"Nous r\u00e9pondons \u00e0 toutes vos questions avant de louer votre bateau \u00e0 Propriano en Corse du Sud.\" \/>\n<meta property=\"og:url\" content=\"http:\/\/location-bateau-propriano.com\/en\/faqs\/\" \/>\n<meta property=\"og:site_name\" content=\"Locanautic\" \/>\n<meta property=\"article:modified_time\" content=\"2024-08-01T07:12:50+00:00\" \/>\n<meta name=\"twitter:card\" content=\"summary_large_image\" \/>\n<meta name=\"twitter:label1\" content=\"Estimated reading time\" \/>\n\t<meta name=\"twitter:data1\" content=\"2 minutes\" \/>\n<script type=\"application\/ld+json\" class=\"yoast-schema-graph\">{\"@context\":\"https:\/\/schema.org\",\"@graph\":[{\"@type\":\"WebPage\",\"@id\":\"http:\/\/location-bateau-propriano.com\/it\/faqs\/\",\"url\":\"http:\/\/location-bateau-propriano.com\/it\/faqs\/\",\"name\":\"Locanautic - Foire aux questions - Location bateau Propriano\",\"isPartOf\":{\"@id\":\"https:\/\/location-bateau-propriano.com\/#website\"},\"datePublished\":\"2022-12-28T02:14:59+00:00\",\"dateModified\":\"2024-08-01T07:12:50+00:00\",\"description\":\"Nous r\u00e9pondons \u00e0 toutes vos questions avant de louer votre bateau \u00e0 Propriano en Corse du Sud.\",\"breadcrumb\":{\"@id\":\"http:\/\/location-bateau-propriano.com\/it\/faqs\/#breadcrumb\"},\"inLanguage\":\"en-GB\",\"potentialAction\":[{\"@type\":\"ReadAction\",\"target\":[\"http:\/\/location-bateau-propriano.com\/it\/faqs\/\"]}]},{\"@type\":\"BreadcrumbList\",\"@id\":\"http:\/\/location-bateau-propriano.com\/it\/faqs\/#breadcrumb\",\"itemListElement\":[{\"@type\":\"ListItem\",\"position\":1,\"name\":\"Accueil\",\"item\":\"https:\/\/location-bateau-propriano.com\/\"},{\"@type\":\"ListItem\",\"position\":2,\"name\":\"Faqs\"}]},{\"@type\":\"WebSite\",\"@id\":\"https:\/\/location-bateau-propriano.com\/#website\",\"url\":\"https:\/\/location-bateau-propriano.com\/\",\"name\":\"Locanautic\",\"description\":\"Location de bateaux \u00e0 Propriano\",\"publisher\":{\"@id\":\"https:\/\/location-bateau-propriano.com\/#organization\"},\"potentialAction\":[{\"@type\":\"SearchAction\",\"target\":{\"@type\":\"EntryPoint\",\"urlTemplate\":\"https:\/\/location-bateau-propriano.com\/?s={search_term_string}\"},\"query-input\":{\"@type\":\"PropertyValueSpecification\",\"valueRequired\":true,\"valueName\":\"search_term_string\"}}],\"inLanguage\":\"en-GB\"},{\"@type\":\"Organization\",\"@id\":\"https:\/\/location-bateau-propriano.com\/#organization\",\"name\":\"Locanautic\",\"url\":\"https:\/\/location-bateau-propriano.com\/\",\"logo\":{\"@type\":\"ImageObject\",\"inLanguage\":\"en-GB\",\"@id\":\"https:\/\/location-bateau-propriano.com\/#\/schema\/logo\/image\/\",\"url\":\"https:\/\/location-bateau-propriano.com\/wp-content\/uploads\/2024\/07\/cropped-logo-locanatuic.png\",\"contentUrl\":\"https:\/\/location-bateau-propriano.com\/wp-content\/uploads\/2024\/07\/cropped-logo-locanatuic.png\",\"width\":800,\"height\":225,\"caption\":\"Locanautic\"},\"image\":{\"@id\":\"https:\/\/location-bateau-propriano.com\/#\/schema\/logo\/image\/\"}}]}<\/script>\n<!-- \/ Yoast SEO plugin. -->","yoast_head_json":{"title":"Locanautic - Foire aux questions - Location bateau Propriano","description":"Nous r\u00e9pondons \u00e0 toutes vos questions avant de louer votre bateau \u00e0 Propriano en Corse du Sud.","robots":{"index":"index","follow":"follow","max-snippet":"max-snippet:-1","max-image-preview":"max-image-preview:large","max-video-preview":"max-video-preview:-1"},"canonical":"http:\/\/location-bateau-propriano.com\/en\/faqs\/","og_locale":"en_GB","og_type":"article","og_title":"Locanautic - Foire aux questions - Location bateau Propriano","og_description":"Nous r\u00e9pondons \u00e0 toutes vos questions avant de louer votre bateau \u00e0 Propriano en Corse du Sud.","og_url":"http:\/\/location-bateau-propriano.com\/en\/faqs\/","og_site_name":"Locanautic","article_modified_time":"2024-08-01T07:12:50+00:00","twitter_card":"summary_large_image","twitter_misc":{"Estimated reading time":"2 minutes"},"schema":{"@context":"https:\/\/schema.org","@graph":[{"@type":"WebPage","@id":"http:\/\/location-bateau-propriano.com\/it\/faqs\/","url":"http:\/\/location-bateau-propriano.com\/it\/faqs\/","name":"Locanautic - Foire aux questions - Location bateau Propriano","isPartOf":{"@id":"https:\/\/location-bateau-propriano.com\/#website"},"datePublished":"2022-12-28T02:14:59+00:00","dateModified":"2024-08-01T07:12:50+00:00","description":"Nous r\u00e9pondons \u00e0 toutes vos questions avant de louer votre bateau \u00e0 Propriano en Corse du Sud.","breadcrumb":{"@id":"http:\/\/location-bateau-propriano.com\/it\/faqs\/#breadcrumb"},"inLanguage":"en-GB","potentialAction":[{"@type":"ReadAction","target":["http:\/\/location-bateau-propriano.com\/it\/faqs\/"]}]},{"@type":"BreadcrumbList","@id":"http:\/\/location-bateau-propriano.com\/it\/faqs\/#breadcrumb","itemListElement":[{"@type":"ListItem","position":1,"name":"Accueil","item":"https:\/\/location-bateau-propriano.com\/"},{"@type":"ListItem","position":2,"name":"Faqs"}]},{"@type":"WebSite","@id":"https:\/\/location-bateau-propriano.com\/#website","url":"https:\/\/location-bateau-propriano.com\/","name":"Locanautic","description":"Location de bateaux \u00e0 Propriano","publisher":{"@id":"https:\/\/location-bateau-propriano.com\/#organization"},"potentialAction":[{"@type":"SearchAction","target":{"@type":"EntryPoint","urlTemplate":"https:\/\/location-bateau-propriano.com\/?s={search_term_string}"},"query-input":{"@type":"PropertyValueSpecification","valueRequired":true,"valueName":"search_term_string"}}],"inLanguage":"en-GB"},{"@type":"Organization","@id":"https:\/\/location-bateau-propriano.com\/#organization","name":"Locanautic","url":"https:\/\/location-bateau-propriano.com\/","logo":{"@type":"ImageObject","inLanguage":"en-GB","@id":"https:\/\/location-bateau-propriano.com\/#\/schema\/logo\/image\/","url":"https:\/\/location-bateau-propriano.com\/wp-content\/uploads\/2024\/07\/cropped-logo-locanatuic.png","contentUrl":"https:\/\/location-bateau-propriano.com\/wp-content\/uploads\/2024\/07\/cropped-logo-locanatuic.png","width":800,"height":225,"caption":"Locanautic"},"image":{"@id":"https:\/\/location-bateau-propriano.com\/#\/schema\/logo\/image\/"}}]}},"_links":{"self":[{"href":"https:\/\/location-bateau-propriano.com\/en\/wp-json\/wp\/v2\/pages\/68","targetHints":{"allow":["GET"]}}],"collection":[{"href":"https:\/\/location-bateau-propriano.com\/en\/wp-json\/wp\/v2\/pages"}],"about":[{"href":"https:\/\/location-bateau-propriano.com\/en\/wp-json\/wp\/v2\/types\/page"}],"author":[{"embeddable":true,"href":"https:\/\/location-bateau-propriano.com\/en\/wp-json\/wp\/v2\/users\/1"}],"replies":[{"embeddable":true,"href":"https:\/\/location-bateau-propriano.com\/en\/wp-json\/wp\/v2\/comments?post=68"}],"version-history":[{"count":3,"href":"https:\/\/location-bateau-propriano.com\/en\/wp-json\/wp\/v2\/pages\/68\/revisions"}],"predecessor-version":[{"id":12209,"href":"https:\/\/location-bateau-propriano.com\/en\/wp-json\/wp\/v2\/pages\/68\/revisions\/12209"}],"wp:attachment":[{"href":"https:\/\/location-bateau-propriano.com\/en\/wp-json\/wp\/v2\/media?parent=68"}],"curies":[{"name":"wp","href":"https:\/\/api.w.org\/{rel}","templated":true}]}}