{"id":12219,"date":"2024-08-01T08:54:39","date_gmt":"2024-08-01T06:54:39","guid":{"rendered":"https:\/\/www.location-bateau-propriano.com\/?page_id=12219"},"modified":"2024-08-01T08:54:40","modified_gmt":"2024-08-01T06:54:40","slug":"mentions-legales","status":"publish","type":"page","link":"http:\/\/location-bateau-propriano.com\/it\/mentions-legales\/","title":{"rendered":"Informazioni legali"},"content":{"rendered":"<p>Il sito web Locanautic \u00e8 gestito da SARL MARE E SOLE, <\/p>\n\n\n\n<p>\u00c8 stato progettato ed \u00e8 ospitato da SASU INFLUENCI, RCS Ajaccio B 882 437 718, con sede legale in 4, route de la Corniche, 20110 Propriano.<br><br>Il direttore della pubblicazione e DPO \u00e8 Fr\u00e9d\u00e9ric Grec.<br><br>Il curatore del sito pu\u00f2 essere contattato via e-mail all'indirizzo locanautic@locanautic.com o per posta all'indirizzo LOCANAUTIC, ZI de TAVARIA, 20110 PROPRIANO.<br><\/p>","protected":false},"excerpt":{"rendered":"<p>Il sito web Locanautic \u00e8 gestito da SARL MARE E SOLE ed \u00e8 stato progettato e ospitato da SASU INFLUENCI, RCS Ajaccio B 882 437 718, con sede legale in 4, route de la Corniche, 20110 Propriano. Il direttore della pubblicazione e DPO \u00e8 Fr\u00e9d\u00e9ric Grec. Il direttore del sito pu\u00f2 essere contattato [...]<\/p>","protected":false},"author":1,"featured_media":0,"parent":0,"menu_order":0,"comment_status":"closed","ping_status":"closed","template":"","meta":{"_acf_changed":false,"inline_featured_image":false,"footnotes":""},"class_list":["post-12219","page","type-page","status-publish","hentry"],"acf":[],"yoast_head":"<!-- This site is optimized with the Yoast SEO plugin v24.3 - https:\/\/yoast.com\/wordpress\/plugins\/seo\/ -->\n<title>Mentions l\u00e9gales - Locanautic<\/title>\n<meta name=\"robots\" content=\"index, follow, max-snippet:-1, max-image-preview:large, max-video-preview:-1\" \/>\n<link rel=\"canonical\" href=\"http:\/\/location-bateau-propriano.com\/it\/mentions-legales\/\" \/>\n<meta property=\"og:locale\" content=\"it_IT\" \/>\n<meta property=\"og:type\" content=\"article\" \/>\n<meta property=\"og:title\" content=\"Mentions l\u00e9gales - Locanautic\" \/>\n<meta property=\"og:description\" content=\"Le site Locanautic est exploit\u00e9 par SARL MARE E SOLE, Il a \u00e9t\u00e9 con\u00e7u et est h\u00e9berg\u00e9 par SASU INFLUENCI, RCS Ajaccio B 882 437 718, dont le si\u00e8ge social est domicili\u00e9 au 4, route de la Corniche, 20110 Propriano. Le directeur de la publication et DPO est Fr\u00e9d\u00e9ric Grec. L\u2019\u00e9diteur du site peut-\u00eatre contact\u00e9 [&hellip;]\" \/>\n<meta property=\"og:url\" content=\"http:\/\/location-bateau-propriano.com\/it\/mentions-legales\/\" \/>\n<meta property=\"og:site_name\" content=\"Locanautic\" \/>\n<meta property=\"article:modified_time\" content=\"2024-08-01T06:54:40+00:00\" \/>\n<meta name=\"twitter:card\" content=\"summary_large_image\" \/>\n<script type=\"application\/ld+json\" class=\"yoast-schema-graph\">{\"@context\":\"https:\/\/schema.org\",\"@graph\":[{\"@type\":\"WebPage\",\"@id\":\"http:\/\/location-bateau-propriano.com\/en\/mentions-legales\/\",\"url\":\"http:\/\/location-bateau-propriano.com\/en\/mentions-legales\/\",\"name\":\"Mentions l\u00e9gales - Locanautic\",\"isPartOf\":{\"@id\":\"https:\/\/location-bateau-propriano.com\/#website\"},\"datePublished\":\"2024-08-01T06:54:39+00:00\",\"dateModified\":\"2024-08-01T06:54:40+00:00\",\"breadcrumb\":{\"@id\":\"http:\/\/location-bateau-propriano.com\/en\/mentions-legales\/#breadcrumb\"},\"inLanguage\":\"it-IT\",\"potentialAction\":[{\"@type\":\"ReadAction\",\"target\":[\"http:\/\/location-bateau-propriano.com\/en\/mentions-legales\/\"]}]},{\"@type\":\"BreadcrumbList\",\"@id\":\"http:\/\/location-bateau-propriano.com\/en\/mentions-legales\/#breadcrumb\",\"itemListElement\":[{\"@type\":\"ListItem\",\"position\":1,\"name\":\"Accueil\",\"item\":\"https:\/\/location-bateau-propriano.com\/\"},{\"@type\":\"ListItem\",\"position\":2,\"name\":\"Mentions l\u00e9gales\"}]},{\"@type\":\"WebSite\",\"@id\":\"https:\/\/location-bateau-propriano.com\/#website\",\"url\":\"https:\/\/location-bateau-propriano.com\/\",\"name\":\"Locanautic\",\"description\":\"Location de bateaux \u00e0 Propriano\",\"publisher\":{\"@id\":\"https:\/\/location-bateau-propriano.com\/#organization\"},\"potentialAction\":[{\"@type\":\"SearchAction\",\"target\":{\"@type\":\"EntryPoint\",\"urlTemplate\":\"https:\/\/location-bateau-propriano.com\/?s={search_term_string}\"},\"query-input\":{\"@type\":\"PropertyValueSpecification\",\"valueRequired\":true,\"valueName\":\"search_term_string\"}}],\"inLanguage\":\"it-IT\"},{\"@type\":\"Organization\",\"@id\":\"https:\/\/location-bateau-propriano.com\/#organization\",\"name\":\"Locanautic\",\"url\":\"https:\/\/location-bateau-propriano.com\/\",\"logo\":{\"@type\":\"ImageObject\",\"inLanguage\":\"it-IT\",\"@id\":\"https:\/\/location-bateau-propriano.com\/#\/schema\/logo\/image\/\",\"url\":\"http:\/\/location-bateau-propriano.com\/wp-content\/uploads\/2024\/07\/cropped-logo-locanatuic.png\",\"contentUrl\":\"http:\/\/location-bateau-propriano.com\/wp-content\/uploads\/2024\/07\/cropped-logo-locanatuic.png\",\"width\":800,\"height\":225,\"caption\":\"Locanautic\"},\"image\":{\"@id\":\"https:\/\/location-bateau-propriano.com\/#\/schema\/logo\/image\/\"}}]}<\/script>\n<!-- \/ Yoast SEO plugin. -->","yoast_head_json":{"title":"Mentions l\u00e9gales - Locanautic","robots":{"index":"index","follow":"follow","max-snippet":"max-snippet:-1","max-image-preview":"max-image-preview:large","max-video-preview":"max-video-preview:-1"},"canonical":"http:\/\/location-bateau-propriano.com\/it\/mentions-legales\/","og_locale":"it_IT","og_type":"article","og_title":"Mentions l\u00e9gales - Locanautic","og_description":"Le site Locanautic est exploit\u00e9 par SARL MARE E SOLE, Il a \u00e9t\u00e9 con\u00e7u et est h\u00e9berg\u00e9 par SASU INFLUENCI, RCS Ajaccio B 882 437 718, dont le si\u00e8ge social est domicili\u00e9 au 4, route de la Corniche, 20110 Propriano. Le directeur de la publication et DPO est Fr\u00e9d\u00e9ric Grec. L\u2019\u00e9diteur du site peut-\u00eatre contact\u00e9 [&hellip;]","og_url":"http:\/\/location-bateau-propriano.com\/it\/mentions-legales\/","og_site_name":"Locanautic","article_modified_time":"2024-08-01T06:54:40+00:00","twitter_card":"summary_large_image","schema":{"@context":"https:\/\/schema.org","@graph":[{"@type":"WebPage","@id":"http:\/\/location-bateau-propriano.com\/en\/mentions-legales\/","url":"http:\/\/location-bateau-propriano.com\/en\/mentions-legales\/","name":"Mentions l\u00e9gales - Locanautic","isPartOf":{"@id":"https:\/\/location-bateau-propriano.com\/#website"},"datePublished":"2024-08-01T06:54:39+00:00","dateModified":"2024-08-01T06:54:40+00:00","breadcrumb":{"@id":"http:\/\/location-bateau-propriano.com\/en\/mentions-legales\/#breadcrumb"},"inLanguage":"it-IT","potentialAction":[{"@type":"ReadAction","target":["http:\/\/location-bateau-propriano.com\/en\/mentions-legales\/"]}]},{"@type":"BreadcrumbList","@id":"http:\/\/location-bateau-propriano.com\/en\/mentions-legales\/#breadcrumb","itemListElement":[{"@type":"ListItem","position":1,"name":"Accueil","item":"https:\/\/location-bateau-propriano.com\/"},{"@type":"ListItem","position":2,"name":"Mentions l\u00e9gales"}]},{"@type":"WebSite","@id":"https:\/\/location-bateau-propriano.com\/#website","url":"https:\/\/location-bateau-propriano.com\/","name":"Locanautic","description":"Location de bateaux \u00e0 Propriano","publisher":{"@id":"https:\/\/location-bateau-propriano.com\/#organization"},"potentialAction":[{"@type":"SearchAction","target":{"@type":"EntryPoint","urlTemplate":"https:\/\/location-bateau-propriano.com\/?s={search_term_string}"},"query-input":{"@type":"PropertyValueSpecification","valueRequired":true,"valueName":"search_term_string"}}],"inLanguage":"it-IT"},{"@type":"Organization","@id":"https:\/\/location-bateau-propriano.com\/#organization","name":"Locanautic","url":"https:\/\/location-bateau-propriano.com\/","logo":{"@type":"ImageObject","inLanguage":"it-IT","@id":"https:\/\/location-bateau-propriano.com\/#\/schema\/logo\/image\/","url":"http:\/\/location-bateau-propriano.com\/wp-content\/uploads\/2024\/07\/cropped-logo-locanatuic.png","contentUrl":"http:\/\/location-bateau-propriano.com\/wp-content\/uploads\/2024\/07\/cropped-logo-locanatuic.png","width":800,"height":225,"caption":"Locanautic"},"image":{"@id":"https:\/\/location-bateau-propriano.com\/#\/schema\/logo\/image\/"}}]}},"_links":{"self":[{"href":"http:\/\/location-bateau-propriano.com\/it\/wp-json\/wp\/v2\/pages\/12219","targetHints":{"allow":["GET"]}}],"collection":[{"href":"http:\/\/location-bateau-propriano.com\/it\/wp-json\/wp\/v2\/pages"}],"about":[{"href":"http:\/\/location-bateau-propriano.com\/it\/wp-json\/wp\/v2\/types\/page"}],"author":[{"embeddable":true,"href":"http:\/\/location-bateau-propriano.com\/it\/wp-json\/wp\/v2\/users\/1"}],"replies":[{"embeddable":true,"href":"http:\/\/location-bateau-propriano.com\/it\/wp-json\/wp\/v2\/comments?post=12219"}],"version-history":[{"count":1,"href":"http:\/\/location-bateau-propriano.com\/it\/wp-json\/wp\/v2\/pages\/12219\/revisions"}],"predecessor-version":[{"id":12221,"href":"http:\/\/location-bateau-propriano.com\/it\/wp-json\/wp\/v2\/pages\/12219\/revisions\/12221"}],"wp:attachment":[{"href":"http:\/\/location-bateau-propriano.com\/it\/wp-json\/wp\/v2\/media?parent=12219"}],"curies":[{"name":"wp","href":"https:\/\/api.w.org\/{rel}","templated":true}]}}